{"id":423,"date":"2023-10-31T11:03:48","date_gmt":"2023-10-31T11:03:48","guid":{"rendered":"https:\/\/amirjuvara-art.com\/?page_id=423"},"modified":"2026-04-25T19:43:46","modified_gmt":"2026-04-25T19:43:46","slug":"exhibitions","status":"publish","type":"page","link":"https:\/\/www.amirjuvara-art.com\/fr\/exhibitions\/","title":{"rendered":"Expositions"},"content":{"rendered":"<div data-elementor-type=\"wp-page\" data-elementor-id=\"423\" class=\"elementor elementor-423\" data-elementor-settings=\"{&quot;ha_cmc_init_switcher&quot;:&quot;no&quot;}\" data-elementor-post-type=\"page\">\n\t\t\t\t<div class=\"aux-parallax-section elementor-element elementor-element-bc07bb4 e-flex e-con-boxed e-con e-parent\" data-id=\"bc07bb4\" data-element_type=\"container\" data-settings=\"{&quot;background_background&quot;:&quot;classic&quot;,&quot;_ha_eqh_enable&quot;:false}\">\n\t\t\t\t\t<div class=\"e-con-inner\">\n\t\t\t\t<div class=\"elementor-element elementor-element-67ae1a8 aux-appear-watch-animation aux-slide-from-left elementor-widget__width-inherit elementor-widget elementor-widget-aux_modern_heading\" data-id=\"67ae1a8\" data-element_type=\"widget\" data-widget_type=\"aux_modern_heading.default\">\n\t\t\t\t<div class=\"elementor-widget-container\">\n\t\t\t<section class=\"aux-widget-modern-heading\">\n            <div class=\"aux-widget-inner\"><h2 class=\"aux-modern-heading-primary\"><\/h2><div class=\"aux-modern-heading-divider\"><\/div><\/div>\n        <\/section>\t\t<\/div>\n\t\t\t\t<\/div>\n\t\t\t\t<div class=\"elementor-element elementor-element-a80c0af elementor-arrows-position-outside aux-appear-watch-animation aux-slide-from-left elementor-widget elementor-widget-image-carousel\" data-id=\"a80c0af\" data-element_type=\"widget\" data-settings=\"{&quot;navigation&quot;:&quot;arrows&quot;,&quot;pause_on_hover&quot;:&quot;no&quot;,&quot;pause_on_interaction&quot;:&quot;no&quot;,&quot;speed&quot;:1000,&quot;autoplay&quot;:&quot;yes&quot;,&quot;autoplay_speed&quot;:5000,&quot;infinite&quot;:&quot;yes&quot;,&quot;image_spacing_custom&quot;:{&quot;unit&quot;:&quot;px&quot;,&quot;size&quot;:20,&quot;sizes&quot;:[]},&quot;image_spacing_custom_tablet_extra&quot;:{&quot;unit&quot;:&quot;px&quot;,&quot;size&quot;:&quot;&quot;,&quot;sizes&quot;:[]},&quot;image_spacing_custom_tablet&quot;:{&quot;unit&quot;:&quot;px&quot;,&quot;size&quot;:&quot;&quot;,&quot;sizes&quot;:[]},&quot;image_spacing_custom_mobile&quot;:{&quot;unit&quot;:&quot;px&quot;,&quot;size&quot;:&quot;&quot;,&quot;sizes&quot;:[]}}\" data-widget_type=\"image-carousel.default\">\n\t\t\t\t<div class=\"elementor-widget-container\">\n\t\t\t\t\t<div class=\"elementor-image-carousel-wrapper swiper\" dir=\"ltr\">\n\t\t\t<div class=\"elementor-image-carousel swiper-wrapper\" aria-live=\"off\">\n\t\t\t\t\t\t\t\t<div class=\"swiper-slide\" role=\"group\" aria-roledescription=\"slide\" aria-label=\"1 sur 13\"><figure class=\"swiper-slide-inner\"><img decoding=\"async\" class=\"swiper-slide-image\" src=\"https:\/\/www.amirjuvara-art.com\/wp-content\/uploads\/elementor\/thumbs\/1-rmji6vntzlt8vy64qljeu1rje4pm9wosi2pzsbxmrg.jpg\" alt=\"1\" \/><\/figure><\/div><div class=\"swiper-slide\" role=\"group\" aria-roledescription=\"slide\" aria-label=\"2 sur 13\"><figure class=\"swiper-slide-inner\"><img decoding=\"async\" class=\"swiper-slide-image\" src=\"https:\/\/www.amirjuvara-art.com\/wp-content\/uploads\/elementor\/thumbs\/615485155_1270417355134154_5236946902600011151_n-rmjiatlgnl7jl2fypsw2sjy53ba1k7c9dl8b9436nw.jpg\" alt=\"615485155_1270417355134154_5236946902600011151_n\" \/><\/figure><\/div><div class=\"swiper-slide\" role=\"group\" aria-roledescription=\"slide\" aria-label=\"3 sur 13\"><figure class=\"swiper-slide-inner\"><img decoding=\"async\" class=\"swiper-slide-image\" src=\"https:\/\/www.amirjuvara-art.com\/wp-content\/uploads\/elementor\/thumbs\/1I1A5644-scaled-qgxoty1e4hvrcscox5aharnb7lb0rtks7wk0dggn0c.jpg\" alt=\"1I1A5644\" \/><\/figure><\/div><div class=\"swiper-slide\" role=\"group\" aria-roledescription=\"slide\" aria-label=\"4 sur 13\"><figure class=\"swiper-slide-inner\"><img decoding=\"async\" class=\"swiper-slide-image\" src=\"https:\/\/www.amirjuvara-art.com\/wp-content\/uploads\/elementor\/thumbs\/1-qizlnr8ecgwu0ab2pbiez1jj57iqkdhj3g5vvpyd8c.jpg\" alt=\"Mialy Razafintsalama - Richianny Ratovo - Amir.J - Jo\u00ebl Andrianomearisoa - Aina Jo - Joearisoa - Clipse\" \/><\/figure><\/div><div class=\"swiper-slide\" role=\"group\" aria-roledescription=\"slide\" aria-label=\"5 sur 13\"><figure class=\"swiper-slide-inner\"><img decoding=\"async\" class=\"swiper-slide-image\" src=\"https:\/\/www.amirjuvara-art.com\/wp-content\/uploads\/elementor\/thumbs\/3-qizlo4e505euitrykh76xy7zglpvk4xrt9aolleut8.jpg\" alt=\"3\" \/><\/figure><\/div><div class=\"swiper-slide\" role=\"group\" aria-roledescription=\"slide\" aria-label=\"6 sur 13\"><figure class=\"swiper-slide-inner\"><img decoding=\"async\" class=\"swiper-slide-image\" src=\"https:\/\/www.amirjuvara-art.com\/wp-content\/uploads\/elementor\/thumbs\/3-qmvpt9e21v951hf5jdr5skav53yta98co1pa9hdwu4.jpg\" alt=\"3\" \/><\/figure><\/div><div class=\"swiper-slide\" role=\"group\" aria-roledescription=\"slide\" aria-label=\"7 sur 13\"><figure class=\"swiper-slide-inner\"><img decoding=\"async\" class=\"swiper-slide-image\" src=\"https:\/\/www.amirjuvara-art.com\/wp-content\/uploads\/elementor\/thumbs\/5-qmvpkn7bejgim5xpuno9xqkr3yfoq50xhef1w65tvg.jpg\" alt=\"5\" \/><\/figure><\/div><div class=\"swiper-slide\" role=\"group\" aria-roledescription=\"slide\" aria-label=\"8 sur 13\"><figure class=\"swiper-slide-inner\"><img decoding=\"async\" class=\"swiper-slide-image\" src=\"https:\/\/www.amirjuvara-art.com\/wp-content\/uploads\/elementor\/thumbs\/1-qmvpj6kcrtggk026e0x623uxudn4r37ym5vv0obvjw.jpg\" alt=\"1\" \/><\/figure><\/div><div class=\"swiper-slide\" role=\"group\" aria-roledescription=\"slide\" aria-label=\"9 sur 13\"><figure class=\"swiper-slide-inner\"><img decoding=\"async\" class=\"swiper-slide-image\" src=\"https:\/\/www.amirjuvara-art.com\/wp-content\/uploads\/elementor\/thumbs\/22-1-scaled-qgxoxysjczdx0qiffvv0yr4aoxhjp7jg3t0sa2i0e4.jpg\" alt=\"22\" \/><\/figure><\/div><div class=\"swiper-slide\" role=\"group\" aria-roledescription=\"slide\" aria-label=\"10 sur 13\"><figure class=\"swiper-slide-inner\"><img decoding=\"async\" class=\"swiper-slide-image\" src=\"https:\/\/www.amirjuvara-art.com\/wp-content\/uploads\/elementor\/thumbs\/20190808_184845-scaled-qgxp3yzf0vlv71sedhb7w8kbbjvyvldplj2gnplgn0.jpg\" alt=\"20190808_184845\" \/><\/figure><\/div><div class=\"swiper-slide\" role=\"group\" aria-roledescription=\"slide\" aria-label=\"11 sur 13\"><figure class=\"swiper-slide-inner\"><img decoding=\"async\" class=\"swiper-slide-image\" src=\"https:\/\/www.amirjuvara-art.com\/wp-content\/uploads\/elementor\/thumbs\/69245688_469294716952969_3595973321469984768_n-qgxp4b7bhq2ldzane4ldanhb1k7qnnq7z7jrwb3ce4.jpg\" alt=\"69245688_469294716952969_3595973321469984768_n\" \/><\/figure><\/div><div class=\"swiper-slide\" role=\"group\" aria-roledescription=\"slide\" aria-label=\"12 sur 13\"><figure class=\"swiper-slide-inner\"><img decoding=\"async\" class=\"swiper-slide-image\" src=\"https:\/\/www.amirjuvara-art.com\/wp-content\/uploads\/elementor\/thumbs\/69443740_469294703619637_4377043996472508416_n-qgxp4d2zve56177x35emfn088byh31xonguquv0k1o.jpg\" alt=\"69443740_469294703619637_4377043996472508416_n\" \/><\/figure><\/div><div class=\"swiper-slide\" role=\"group\" aria-roledescription=\"slide\" aria-label=\"13 sur 13\"><figure class=\"swiper-slide-inner\"><img decoding=\"async\" class=\"swiper-slide-image\" src=\"https:\/\/www.amirjuvara-art.com\/wp-content\/uploads\/elementor\/thumbs\/5-1-qgxp71wdfbtp91badt972gkpf0pa3vm1cs1rad108s.jpg\" alt=\"5\" \/><\/figure><\/div>\t\t\t<\/div>\n\t\t\t\t\t\t\t\t\t\t\t\t<div class=\"elementor-swiper-button elementor-swiper-button-prev\" role=\"button\" tabindex=\"0\">\n\t\t\t\t\t\t<i aria-hidden=\"true\" class=\"eicon-chevron-left\"><\/i>\t\t\t\t\t<\/div>\n\t\t\t\t\t<div class=\"elementor-swiper-button elementor-swiper-button-next\" role=\"button\" tabindex=\"0\">\n\t\t\t\t\t\t<i aria-hidden=\"true\" class=\"eicon-chevron-right\"><\/i>\t\t\t\t\t<\/div>\n\t\t\t\t\n\t\t\t\t\t\t\t\t\t<\/div>\n\t\t\t\t<\/div>\n\t\t\t\t<\/div>\n\t\t\t\t\t<\/div>\n\t\t\t\t<\/div>\n\t\t<div class=\"aux-parallax-section elementor-element elementor-element-ae7c603 e-flex e-con-boxed e-con e-parent\" data-id=\"ae7c603\" data-element_type=\"container\" data-settings=\"{&quot;background_background&quot;:&quot;classic&quot;,&quot;_ha_eqh_enable&quot;:false}\">\n\t\t\t\t\t<div class=\"e-con-inner\">\n\t\t<div class=\"elementor-element elementor-element-667ffae e-con-full e-flex e-con e-child\" data-id=\"667ffae\" data-element_type=\"container\" data-settings=\"{&quot;_ha_eqh_enable&quot;:false}\">\n\t\t\t\t<div class=\"elementor-element elementor-element-b798c72 aux-appear-watch-animation aux-slide-from-left elementor-widget__width-inherit elementor-widget elementor-widget-aux_modern_heading\" data-id=\"b798c72\" data-element_type=\"widget\" data-widget_type=\"aux_modern_heading.default\">\n\t\t\t\t<div class=\"elementor-widget-container\">\n\t\t\t<section class=\"aux-widget-modern-heading\">\n            <div class=\"aux-widget-inner\"><h2 class=\"aux-modern-heading-primary\">En cours<\/h2><div class=\"aux-modern-heading-divider\"><\/div><div class=\"aux-modern-heading-description\"><p><strong>18 April - 10 May 2026<\/strong> \"Regards Crois\u00e9s\", Solo exhibition. by Escal'Art Sessions<\/p><p>Novotel Convention &amp; Spa , Antananarivo, Madagascar.<\/p><\/div><\/div>\n        <\/section>\t\t<\/div>\n\t\t\t\t<\/div>\n\t\t\t\t<\/div>\n\t\t<div class=\"elementor-element elementor-element-2c6495c e-con-full e-flex e-con e-child\" data-id=\"2c6495c\" data-element_type=\"container\" data-settings=\"{&quot;_ha_eqh_enable&quot;:false}\">\n\t\t\t\t<div class=\"elementor-element elementor-element-4c9e1d5 aux-appear-watch-animation aux-slide-from-left elementor-widget__width-inherit elementor-widget elementor-widget-aux_modern_heading\" data-id=\"4c9e1d5\" data-element_type=\"widget\" data-widget_type=\"aux_modern_heading.default\">\n\t\t\t\t<div class=\"elementor-widget-container\">\n\t\t\t<section class=\"aux-widget-modern-heading\">\n            <div class=\"aux-widget-inner\"><h2 class=\"aux-modern-heading-primary\">Expositions \u00e0 venir<\/h2><div class=\"aux-modern-heading-divider\"><\/div><div class=\"aux-modern-heading-description\"><p><strong>25 mai - 08 juin :<\/strong> \"Lambahoany\", Group exhibition by MadagasyArt<br \/>59rivoli Afrersquat, Paris, France.<\/p><\/div><\/div>\n        <\/section>\t\t<\/div>\n\t\t\t\t<\/div>\n\t\t\t\t<\/div>\n\t\t\t\t\t<\/div>\n\t\t\t\t<\/div>\n\t\t<div class=\"aux-parallax-section elementor-element elementor-element-87fb713 e-flex e-con-boxed e-con e-parent\" data-id=\"87fb713\" data-element_type=\"container\" data-settings=\"{&quot;background_background&quot;:&quot;classic&quot;,&quot;_ha_eqh_enable&quot;:false}\">\n\t\t\t\t\t<div class=\"e-con-inner\">\n\t\t\t\t<div class=\"elementor-element elementor-element-7e9f473 aux-appear-watch-animation aux-slide-from-left elementor-widget__width-inherit elementor-widget elementor-widget-aux_modern_heading\" data-id=\"7e9f473\" data-element_type=\"widget\" data-widget_type=\"aux_modern_heading.default\">\n\t\t\t\t<div class=\"elementor-widget-container\">\n\t\t\t<section class=\"aux-widget-modern-heading\">\n            <div class=\"aux-widget-inner\"><h2 class=\"aux-modern-heading-primary\">Expositions pass\u00e9es<\/h2><div class=\"aux-modern-heading-divider\"><\/div><div class=\"aux-modern-heading-description\"><p><strong>17 Janv - 5 F\u00e9v 2026:<\/strong> \"TAMBATRA\", Group exhibition.<\/p><p>is'Art Galerie , Antananarivo, Madagascar.<\/p><p><strong>27 mai - 08 juin :<\/strong> \"Manga Lavitra\", Group exhibition by MadagasyArt<\/p><p>59 Rivoli AfterSquat, Paris, France.<\/p><p><strong>02juin - 08 juin :<\/strong> \"Kouler Nou Zil\", Group exhibition by SILOY<\/p><p>HOBA Paris, France.<\/p><p><strong>April 2025:<\/strong> \"LE ROND-POINT\", Group exhibition.<\/p><p>SODIAMA, Antananarivo, Madagascar.<\/p><p><strong>January - April 2024:<\/strong> \"LA NOUVELLE TERRE\", Group exhibition.<\/p><p>Hakanto Contemporary, Antananarivo, Madagascar<\/p><p><strong>March 2024:<\/strong>\u00a0 Group exhibition.<\/p><p>Galerie Beaut\u00e9 du Matin Calme<\/p><p>54 Avenue de la Motte-Picquet, Paris, France<\/p><p><strong>March 2024:<\/strong>\u00a0 \"Kouler Nu Zil\" by SILOY .<\/p><p>Solo Exhibition<\/p><p>DIASPOR\u00c2S\u00a0<\/p><p>6 rue de tracy, Paris, France.<\/p><p><strong>Juin 2023 :<\/strong>\u00ab Fisehoana \u00bb , Premi\u00e8re exposition solo .<br \/>Galerie Vellutini , Antananarivo, Madagascar.<\/p><p><strong>Juin 2023 :<\/strong>\u00ab Kanto Gasy, Madagasyart \u00bb<br \/>59rivoli , Paris, France.<\/p><p><strong>Mais 2023<\/strong>\u00ab\u00a0Stimuler pour soutenir\u00a0\u00bb, organis\u00e9 par ZeeArts<br \/>Alliance Fran\u00e7aise Dubai, United Arab Emirates.<\/p><p><strong>Nov. - Dec. 2022 :<\/strong>\u00ab\u00a0Madagasc\u2019Art dans le Monde\u00a0\u00bb par l\u2019Ambassade de Madagascar en France.<br \/>R\u00e9sidence de l\u2019Ambassade de Madagascar, Paris, France.<br \/>Mairie du 16\u00e8me arrondissement, Paris, France.<\/p><p><strong>Juin 2022 :<\/strong>\u201cBridge The Gap and Build the Future\u201d MIAF de ZeeArts.<br \/>Galerie du G\u00e9nie, EDITH , Mauritius .<\/p><p><strong>Octobre 2019 :<\/strong> \"Favoriser l\u2019unit\u00e9, c\u00e9l\u00e9brer les diff\u00e9rences\" MIAF par ZeeArts.<br \/>Caudan Art Center, \u00eele Maurice.<\/p><\/div><\/div>\n        <\/section>\t\t<\/div>\n\t\t\t\t<\/div>\n\t\t\t\t\t<\/div>\n\t\t\t\t<\/div>\n\t\t\t\t<\/div>","protected":false},"excerpt":{"rendered":"<p>Present 18 April &#8211; 10 May 2026 &#8220;Regards Crois\u00e9s&#8221;, Solo exhibition. by Escal&#8217;Art Sessions Novotel Convention &amp; Spa , Antananarivo, Madagascar. Upcoming 25 mai &#8211; 08 juin : &#8220;Lambahoany&#8221;, Group exhibition by MadagasyArt59rivoli Afrersquat, Paris, France. Past 17 Janv &#8211; 5 F\u00e9v 2026: &#8220;TAMBATRA&#8221;, Group exhibition. is&#8217;Art Galerie , Antananarivo, Madagascar. 27 mai &#8211; 08 [&hellip;]<\/p>","protected":false},"author":1,"featured_media":0,"parent":0,"menu_order":0,"comment_status":"closed","ping_status":"closed","template":"elementor_header_footer","meta":{"footnotes":""},"class_list":["post-423","page","type-page","status-publish","hentry"],"yoast_head":"<!-- This site is optimized with the Yoast SEO plugin v26.8 - https:\/\/yoast.com\/product\/yoast-seo-wordpress\/ -->\n<title>Exhibitions - AmirJ Art<\/title>\n<meta name=\"robots\" content=\"index, follow, max-snippet:-1, max-image-preview:large, max-video-preview:-1\" \/>\n<link rel=\"canonical\" href=\"https:\/\/www.amirjuvara-art.com\/fr\/exhibitions\/\" \/>\n<meta property=\"og:locale\" content=\"fr_FR\" \/>\n<meta property=\"og:type\" content=\"article\" \/>\n<meta property=\"og:title\" content=\"Exhibitions - AmirJ Art\" \/>\n<meta property=\"og:description\" content=\"Present 18 April &#8211; 10 May 2026 &#8220;Regards Crois\u00e9s&#8221;, Solo exhibition. by Escal&#8217;Art Sessions Novotel Convention &amp; Spa , Antananarivo, Madagascar. Upcoming 25 mai &#8211; 08 juin : &#8220;Lambahoany&#8221;, Group exhibition by MadagasyArt59rivoli Afrersquat, Paris, France. Past 17 Janv &#8211; 5 F\u00e9v 2026: &#8220;TAMBATRA&#8221;, Group exhibition. is&#8217;Art Galerie , Antananarivo, Madagascar. 27 mai &#8211; 08 [&hellip;]\" \/>\n<meta property=\"og:url\" content=\"https:\/\/www.amirjuvara-art.com\/fr\/exhibitions\/\" \/>\n<meta property=\"og:site_name\" content=\"AmirJ Art\" \/>\n<meta property=\"article:modified_time\" content=\"2026-04-25T19:43:46+00:00\" \/>\n<meta property=\"og:image\" content=\"https:\/\/www.amirjuvara-art.com\/wp-content\/uploads\/elementor\/thumbs\/1-rmji6vntzlt8vy64qljeu1rje4pm9wosi2pzsbxmrg.jpg\" \/>\n<meta name=\"twitter:card\" content=\"summary_large_image\" \/>\n<meta name=\"twitter:label1\" content=\"Dur\u00e9e de lecture estim\u00e9e\" \/>\n\t<meta name=\"twitter:data1\" content=\"5 minutes\" \/>\n<script type=\"application\/ld+json\" class=\"yoast-schema-graph\">{\"@context\":\"https:\/\/schema.org\",\"@graph\":[{\"@type\":\"WebPage\",\"@id\":\"https:\/\/www.amirjuvara-art.com\/exhibitions\/\",\"url\":\"https:\/\/www.amirjuvara-art.com\/exhibitions\/\",\"name\":\"Exhibitions - AmirJ Art\",\"isPartOf\":{\"@id\":\"https:\/\/www.amirjuvara-art.com\/#website\"},\"primaryImageOfPage\":{\"@id\":\"https:\/\/www.amirjuvara-art.com\/exhibitions\/#primaryimage\"},\"image\":{\"@id\":\"https:\/\/www.amirjuvara-art.com\/exhibitions\/#primaryimage\"},\"thumbnailUrl\":\"https:\/\/www.amirjuvara-art.com\/wp-content\/uploads\/elementor\/thumbs\/1-rmji6vntzlt8vy64qljeu1rje4pm9wosi2pzsbxmrg.jpg\",\"datePublished\":\"2023-10-31T11:03:48+00:00\",\"dateModified\":\"2026-04-25T19:43:46+00:00\",\"breadcrumb\":{\"@id\":\"https:\/\/www.amirjuvara-art.com\/exhibitions\/#breadcrumb\"},\"inLanguage\":\"fr-FR\",\"potentialAction\":[{\"@type\":\"ReadAction\",\"target\":[\"https:\/\/www.amirjuvara-art.com\/exhibitions\/\"]}]},{\"@type\":\"ImageObject\",\"inLanguage\":\"fr-FR\",\"@id\":\"https:\/\/www.amirjuvara-art.com\/exhibitions\/#primaryimage\",\"url\":\"https:\/\/www.amirjuvara-art.com\/wp-content\/uploads\/elementor\/thumbs\/1-rmji6vntzlt8vy64qljeu1rje4pm9wosi2pzsbxmrg.jpg\",\"contentUrl\":\"https:\/\/www.amirjuvara-art.com\/wp-content\/uploads\/elementor\/thumbs\/1-rmji6vntzlt8vy64qljeu1rje4pm9wosi2pzsbxmrg.jpg\"},{\"@type\":\"BreadcrumbList\",\"@id\":\"https:\/\/www.amirjuvara-art.com\/exhibitions\/#breadcrumb\",\"itemListElement\":[{\"@type\":\"ListItem\",\"position\":1,\"name\":\"Home\",\"item\":\"https:\/\/www.amirjuvara-art.com\/\"},{\"@type\":\"ListItem\",\"position\":2,\"name\":\"Exhibitions\"}]},{\"@type\":\"WebSite\",\"@id\":\"https:\/\/www.amirjuvara-art.com\/#website\",\"url\":\"https:\/\/www.amirjuvara-art.com\/\",\"name\":\"AmirJ Art\",\"description\":\"I&#039;m a fine artist\",\"publisher\":{\"@id\":\"https:\/\/www.amirjuvara-art.com\/#\/schema\/person\/1e6b23226e1b9ba9a34baa8922812657\"},\"potentialAction\":[{\"@type\":\"SearchAction\",\"target\":{\"@type\":\"EntryPoint\",\"urlTemplate\":\"https:\/\/www.amirjuvara-art.com\/?s={search_term_string}\"},\"query-input\":{\"@type\":\"PropertyValueSpecification\",\"valueRequired\":true,\"valueName\":\"search_term_string\"}}],\"inLanguage\":\"fr-FR\"},{\"@type\":[\"Person\",\"Organization\"],\"@id\":\"https:\/\/www.amirjuvara-art.com\/#\/schema\/person\/1e6b23226e1b9ba9a34baa8922812657\",\"name\":\"amirjuvara\",\"image\":{\"@type\":\"ImageObject\",\"inLanguage\":\"fr-FR\",\"@id\":\"https:\/\/www.amirjuvara-art.com\/#\/schema\/person\/image\/\",\"url\":\"https:\/\/www.amirjuvara-art.com\/wp-content\/uploads\/2023\/10\/logo0.png\",\"contentUrl\":\"https:\/\/www.amirjuvara-art.com\/wp-content\/uploads\/2023\/10\/logo0.png\",\"width\":2144,\"height\":2202,\"caption\":\"amirjuvara\"},\"logo\":{\"@id\":\"https:\/\/www.amirjuvara-art.com\/#\/schema\/person\/image\/\"}}]}<\/script>\n<!-- \/ Yoast SEO plugin. -->","yoast_head_json":{"title":"Exhibitions - AmirJ Art","robots":{"index":"index","follow":"follow","max-snippet":"max-snippet:-1","max-image-preview":"max-image-preview:large","max-video-preview":"max-video-preview:-1"},"canonical":"https:\/\/www.amirjuvara-art.com\/fr\/exhibitions\/","og_locale":"fr_FR","og_type":"article","og_title":"Exhibitions - AmirJ Art","og_description":"Present 18 April &#8211; 10 May 2026 &#8220;Regards Crois\u00e9s&#8221;, Solo exhibition. by Escal&#8217;Art Sessions Novotel Convention &amp; Spa , Antananarivo, Madagascar. Upcoming 25 mai &#8211; 08 juin : &#8220;Lambahoany&#8221;, Group exhibition by MadagasyArt59rivoli Afrersquat, Paris, France. Past 17 Janv &#8211; 5 F\u00e9v 2026: &#8220;TAMBATRA&#8221;, Group exhibition. is&#8217;Art Galerie , Antananarivo, Madagascar. 27 mai &#8211; 08 [&hellip;]","og_url":"https:\/\/www.amirjuvara-art.com\/fr\/exhibitions\/","og_site_name":"AmirJ Art","article_modified_time":"2026-04-25T19:43:46+00:00","og_image":[{"url":"https:\/\/www.amirjuvara-art.com\/wp-content\/uploads\/elementor\/thumbs\/1-rmji6vntzlt8vy64qljeu1rje4pm9wosi2pzsbxmrg.jpg","type":"","width":"","height":""}],"twitter_card":"summary_large_image","twitter_misc":{"Dur\u00e9e de lecture estim\u00e9e":"5 minutes"},"schema":{"@context":"https:\/\/schema.org","@graph":[{"@type":"WebPage","@id":"https:\/\/www.amirjuvara-art.com\/exhibitions\/","url":"https:\/\/www.amirjuvara-art.com\/exhibitions\/","name":"Exhibitions - AmirJ Art","isPartOf":{"@id":"https:\/\/www.amirjuvara-art.com\/#website"},"primaryImageOfPage":{"@id":"https:\/\/www.amirjuvara-art.com\/exhibitions\/#primaryimage"},"image":{"@id":"https:\/\/www.amirjuvara-art.com\/exhibitions\/#primaryimage"},"thumbnailUrl":"https:\/\/www.amirjuvara-art.com\/wp-content\/uploads\/elementor\/thumbs\/1-rmji6vntzlt8vy64qljeu1rje4pm9wosi2pzsbxmrg.jpg","datePublished":"2023-10-31T11:03:48+00:00","dateModified":"2026-04-25T19:43:46+00:00","breadcrumb":{"@id":"https:\/\/www.amirjuvara-art.com\/exhibitions\/#breadcrumb"},"inLanguage":"fr-FR","potentialAction":[{"@type":"ReadAction","target":["https:\/\/www.amirjuvara-art.com\/exhibitions\/"]}]},{"@type":"ImageObject","inLanguage":"fr-FR","@id":"https:\/\/www.amirjuvara-art.com\/exhibitions\/#primaryimage","url":"https:\/\/www.amirjuvara-art.com\/wp-content\/uploads\/elementor\/thumbs\/1-rmji6vntzlt8vy64qljeu1rje4pm9wosi2pzsbxmrg.jpg","contentUrl":"https:\/\/www.amirjuvara-art.com\/wp-content\/uploads\/elementor\/thumbs\/1-rmji6vntzlt8vy64qljeu1rje4pm9wosi2pzsbxmrg.jpg"},{"@type":"BreadcrumbList","@id":"https:\/\/www.amirjuvara-art.com\/exhibitions\/#breadcrumb","itemListElement":[{"@type":"ListItem","position":1,"name":"Home","item":"https:\/\/www.amirjuvara-art.com\/"},{"@type":"ListItem","position":2,"name":"Exhibitions"}]},{"@type":"WebSite","@id":"https:\/\/www.amirjuvara-art.com\/#website","url":"https:\/\/www.amirjuvara-art.com\/","name":"AmirJ Art","description":"I&#039;m a fine artist","publisher":{"@id":"https:\/\/www.amirjuvara-art.com\/#\/schema\/person\/1e6b23226e1b9ba9a34baa8922812657"},"potentialAction":[{"@type":"SearchAction","target":{"@type":"EntryPoint","urlTemplate":"https:\/\/www.amirjuvara-art.com\/?s={search_term_string}"},"query-input":{"@type":"PropertyValueSpecification","valueRequired":true,"valueName":"search_term_string"}}],"inLanguage":"fr-FR"},{"@type":["Person","Organization"],"@id":"https:\/\/www.amirjuvara-art.com\/#\/schema\/person\/1e6b23226e1b9ba9a34baa8922812657","name":"amirjuvara","image":{"@type":"ImageObject","inLanguage":"fr-FR","@id":"https:\/\/www.amirjuvara-art.com\/#\/schema\/person\/image\/","url":"https:\/\/www.amirjuvara-art.com\/wp-content\/uploads\/2023\/10\/logo0.png","contentUrl":"https:\/\/www.amirjuvara-art.com\/wp-content\/uploads\/2023\/10\/logo0.png","width":2144,"height":2202,"caption":"amirjuvara"},"logo":{"@id":"https:\/\/www.amirjuvara-art.com\/#\/schema\/person\/image\/"}}]}},"_links":{"self":[{"href":"https:\/\/www.amirjuvara-art.com\/fr\/wp-json\/wp\/v2\/pages\/423","targetHints":{"allow":["GET"]}}],"collection":[{"href":"https:\/\/www.amirjuvara-art.com\/fr\/wp-json\/wp\/v2\/pages"}],"about":[{"href":"https:\/\/www.amirjuvara-art.com\/fr\/wp-json\/wp\/v2\/types\/page"}],"author":[{"embeddable":true,"href":"https:\/\/www.amirjuvara-art.com\/fr\/wp-json\/wp\/v2\/users\/1"}],"replies":[{"embeddable":true,"href":"https:\/\/www.amirjuvara-art.com\/fr\/wp-json\/wp\/v2\/comments?post=423"}],"version-history":[{"count":270,"href":"https:\/\/www.amirjuvara-art.com\/fr\/wp-json\/wp\/v2\/pages\/423\/revisions"}],"predecessor-version":[{"id":3977,"href":"https:\/\/www.amirjuvara-art.com\/fr\/wp-json\/wp\/v2\/pages\/423\/revisions\/3977"}],"wp:attachment":[{"href":"https:\/\/www.amirjuvara-art.com\/fr\/wp-json\/wp\/v2\/media?parent=423"}],"curies":[{"name":"wp","href":"https:\/\/api.w.org\/{rel}","templated":true}]}}