{"id":3272,"date":"2024-01-09T13:04:12","date_gmt":"2024-01-09T13:04:12","guid":{"rendered":"https:\/\/www.amirjuvara-art.com\/?page_id=3272"},"modified":"2024-02-05T08:16:43","modified_gmt":"2024-02-05T08:16:43","slug":"testimonials","status":"publish","type":"page","link":"https:\/\/www.amirjuvara-art.com\/fr\/testimonials\/","title":{"rendered":"T\u00e9moignages"},"content":{"rendered":"<div data-elementor-type=\"wp-page\" data-elementor-id=\"3272\" class=\"elementor elementor-3272\" data-elementor-settings=\"{&quot;ha_cmc_init_switcher&quot;:&quot;no&quot;}\" data-elementor-post-type=\"page\">\n\t\t\t\t<div class=\"aux-parallax-section elementor-element elementor-element-41851fc e-flex e-con-boxed e-con e-parent\" data-id=\"41851fc\" data-element_type=\"container\" data-settings=\"{&quot;_ha_eqh_enable&quot;:false}\">\n\t\t\t\t\t<div class=\"e-con-inner\">\n\t\t\t\t<div class=\"elementor-element elementor-element-e348f9b elementor-widget elementor-widget-elementskit-testimonial\" data-id=\"e348f9b\" data-element_type=\"widget\" data-widget_type=\"elementskit-testimonial.default\">\n\t\t\t\t<div class=\"elementor-widget-container\">\n\t\t\t<div class=\"ekit-wid-con\" ><div class=\"elementskit-testimonial-slider ekit_testimonial_style_5 arrow_inside\" data-config=\"{&quot;rtl&quot;:false,&quot;arrows&quot;:false,&quot;dots&quot;:false,&quot;pauseOnHover&quot;:false,&quot;autoplay&quot;:true,&quot;speed&quot;:1000,&quot;slidesPerGroup&quot;:1,&quot;slidesPerView&quot;:2,&quot;loop&quot;:true,&quot;spaceBetween&quot;:15,&quot;breakpoints&quot;:{&quot;320&quot;:{&quot;slidesPerView&quot;:1,&quot;slidesPerGroup&quot;:1,&quot;spaceBetween&quot;:10},&quot;768&quot;:{&quot;slidesPerView&quot;:2,&quot;slidesPerGroup&quot;:1,&quot;spaceBetween&quot;:10},&quot;1024&quot;:{&quot;slidesPerView&quot;:2,&quot;slidesPerGroup&quot;:1,&quot;spaceBetween&quot;:15}}}\">\n\t<div class=\"ekit-main-swiper swiper\">\n\t\t<div class=\"swiper-wrapper\">\n\t\t\t\t\t\t\t<div class=\"swiper-slide\">\n\t\t\t\t\t<div class=\"swiper-slide-inner\">\n\t\t\t\t\t\t<div class=\"elementskit-single-testimonial-slider elementskit-testimonial-slider-block-style elementskit-testimonial-slider-block-style-two   elementor-repeater-item-4507ed7\" >\n\t\t\t\t\t\t\t<div class=\"elementskit-commentor-header\">\n\t\t\t\t\t\t\t\t\n\t\t\t\t\t\t\t\t\t\t\t\t\t\t\t\t<div class=\"elementskit-icon-content elementskit-watermark-icon\">\n\t\t\t\t\t\t\t\t\t<i aria-hidden=\"true\" class=\"icon icon-quote\"><\/i>\t\t\t\t\t\t\t\t<\/div>\n\t\t\t\t\t\t\t\t\t\t\t\t\t\t\t<\/div>\n\t\t\t\t\t\t\t\n\t\t\t\t\t\t\t\t\t\t\t\t\t\t\t<div class=\"elementskit-commentor-content\"><p>\"Having a few of Amir's artworks is a source of immense joy. His watercolor paintings are nothing short of mesmerizing, offering a vivid journey to various scenes around the world. Each piece is brought to life with an unparalleled vibrancy that seems to leap out from the white background. It's as if he has harnessed the very essence of color and given it a\u00a0voice\u00a0on\u00a0paper\"<\/p><\/div>\n\t\t\t\t\t\t\t\n\t\t\t\t\t\t\t<div class=\"elementskit-commentor-bio\">\n\t\t\t\t\t\t\t\t<div class=\"elementkit-commentor-details\">\n\t\t\t\t\t\t\t\t\t\t\t\t\t\t\t\t\t\t<div class=\"elementskit-profile-info\">\n\t\t\t\t\t\t\t\t\t\t<strong class=\"elementskit-author-name\">Noro Fiaferana<\/strong>\n\t\t\t\t\t\t\t\t\t\t<span class=\"elementskit-author-des\">Paris\u00a0-\u00a0France<\/span>\n\t\t\t\t\t\t\t\t\t<\/div>\n\t\t\t\t\t\t\t\t<\/div>\n\t\t\t\t\t\t\t<\/div>\n\t\t\t\t\t\t<\/div>\n\t\t\t\t\t<\/div>\n\t\t\t\t<\/div>\n\t\t\t\t\t\t\t<div class=\"swiper-slide\">\n\t\t\t\t\t<div class=\"swiper-slide-inner\">\n\t\t\t\t\t\t<div class=\"elementskit-single-testimonial-slider elementskit-testimonial-slider-block-style elementskit-testimonial-slider-block-style-two   elementor-repeater-item-386d04e\" >\n\t\t\t\t\t\t\t<div class=\"elementskit-commentor-header\">\n\t\t\t\t\t\t\t\t\n\t\t\t\t\t\t\t\t\t\t\t\t\t\t\t\t<div class=\"elementskit-icon-content elementskit-watermark-icon\">\n\t\t\t\t\t\t\t\t\t<i aria-hidden=\"true\" class=\"icon icon-quote\"><\/i>\t\t\t\t\t\t\t\t<\/div>\n\t\t\t\t\t\t\t\t\t\t\t\t\t\t\t<\/div>\n\t\t\t\t\t\t\t\n\t\t\t\t\t\t\t\t\t\t\t\t\t\t\t<div class=\"elementskit-commentor-content\"><p>\n\n\"For a long time, I have admired the watercolor paintings by Amir J. His paintings so effectively and beautifully evoke Malagasy life. During my current trip to Madagascar, I was determined to find Amir J and his watercolors. I succeeded and now I am looking forward to having some of these wonderful paintings in my house\"<\/p><\/div>\n\t\t\t\t\t\t\t\n\t\t\t\t\t\t\t<div class=\"elementskit-commentor-bio\">\n\t\t\t\t\t\t\t\t<div class=\"elementkit-commentor-details\">\n\t\t\t\t\t\t\t\t\t\t\t\t\t\t\t\t\t\t<div class=\"elementskit-profile-info\">\n\t\t\t\t\t\t\t\t\t\t<strong class=\"elementskit-author-name\">Anne Robinson<\/strong>\n\t\t\t\t\t\t\t\t\t\t<span class=\"elementskit-author-des\">Colorado\u00a0-\u00a0Usa.<\/span>\n\t\t\t\t\t\t\t\t\t<\/div>\n\t\t\t\t\t\t\t\t<\/div>\n\t\t\t\t\t\t\t<\/div>\n\t\t\t\t\t\t<\/div>\n\t\t\t\t\t<\/div>\n\t\t\t\t<\/div>\n\t\t\t\t\t\t\t<div class=\"swiper-slide\">\n\t\t\t\t\t<div class=\"swiper-slide-inner\">\n\t\t\t\t\t\t<div class=\"elementskit-single-testimonial-slider elementskit-testimonial-slider-block-style elementskit-testimonial-slider-block-style-two   elementor-repeater-item-7a2a5c8\" >\n\t\t\t\t\t\t\t<div class=\"elementskit-commentor-header\">\n\t\t\t\t\t\t\t\t\n\t\t\t\t\t\t\t\t\t\t\t\t\t\t\t\t<div class=\"elementskit-icon-content elementskit-watermark-icon\">\n\t\t\t\t\t\t\t\t\t<i aria-hidden=\"true\" class=\"icon icon-quote\"><\/i>\t\t\t\t\t\t\t\t<\/div>\n\t\t\t\t\t\t\t\t\t\t\t\t\t\t\t<\/div>\n\t\t\t\t\t\t\t\n\t\t\t\t\t\t\t\t\t\t\t\t\t\t\t<div class=\"elementskit-commentor-content\"><p>\"Par ses aquarelles, Amir traduit, transmet la r\u00e9alit\u00e9 des sc\u00e8nes de la vie malagasy. Des pousseurs de charette de bananes, le vendeur de glace,    Les lecteurs de journaux, le transporteur d\u2019\u0153ufs \u00e0 v\u00e9lo, le remplissage des bidons d\u2019eau \u2026 Les couleurs sont harmonieuses, les formats sont appropri\u00e9s. Le regard de l\u2019artiste est juste parfois amus\u00e9, parfois critique et toujours empathique et respectueux. Merci pour ces instantan\u00e9s de Madagascar.\"<\/p><\/div>\n\t\t\t\t\t\t\t\n\t\t\t\t\t\t\t<div class=\"elementskit-commentor-bio\">\n\t\t\t\t\t\t\t\t<div class=\"elementkit-commentor-details\">\n\t\t\t\t\t\t\t\t\t\t\t\t\t\t\t\t\t\t<div class=\"elementskit-profile-info\">\n\t\t\t\t\t\t\t\t\t\t<strong class=\"elementskit-author-name\">Isabelle Gesret<\/strong>\n\t\t\t\t\t\t\t\t\t\t<span class=\"elementskit-author-des\">Toronto, Canada<\/span>\n\t\t\t\t\t\t\t\t\t<\/div>\n\t\t\t\t\t\t\t\t<\/div>\n\t\t\t\t\t\t\t<\/div>\n\t\t\t\t\t\t<\/div>\n\t\t\t\t\t<\/div>\n\t\t\t\t<\/div>\n\t\t\t\t\t\t\t<div class=\"swiper-slide\">\n\t\t\t\t\t<div class=\"swiper-slide-inner\">\n\t\t\t\t\t\t<div class=\"elementskit-single-testimonial-slider elementskit-testimonial-slider-block-style elementskit-testimonial-slider-block-style-two   elementor-repeater-item-a085d7e\" >\n\t\t\t\t\t\t\t<div class=\"elementskit-commentor-header\">\n\t\t\t\t\t\t\t\t\n\t\t\t\t\t\t\t\t\t\t\t\t\t\t\t\t<div class=\"elementskit-icon-content elementskit-watermark-icon\">\n\t\t\t\t\t\t\t\t\t<i aria-hidden=\"true\" class=\"icon icon-quote\"><\/i>\t\t\t\t\t\t\t\t<\/div>\n\t\t\t\t\t\t\t\t\t\t\t\t\t\t\t<\/div>\n\t\t\t\t\t\t\t\n\t\t\t\t\t\t\t\t\t\t\t\t\t\t\t<div class=\"elementskit-commentor-content\"><p>\n\u00ab\u00a0Amir se sp\u00e9cialise dans la cr\u00e9ation de tableaux captivants qui illustrent la vie quotidienne \u00e0 Madagascar, en utilisant des couleurs vibrantes pour saisir l'essence de la culture de son pays.\u00a0\u00bb<\/p><\/div>\n\t\t\t\t\t\t\t\n\t\t\t\t\t\t\t<div class=\"elementskit-commentor-bio\">\n\t\t\t\t\t\t\t\t<div class=\"elementkit-commentor-details\">\n\t\t\t\t\t\t\t\t\t\t\t\t\t\t\t\t\t\t<div class=\"elementskit-profile-info\">\n\t\t\t\t\t\t\t\t\t\t<strong class=\"elementskit-author-name\">Mounira Hassim<\/strong>\n\t\t\t\t\t\t\t\t\t\t<span class=\"elementskit-author-des\">Antananarivo, Madagascar<\/span>\n\t\t\t\t\t\t\t\t\t<\/div>\n\t\t\t\t\t\t\t\t<\/div>\n\t\t\t\t\t\t\t<\/div>\n\t\t\t\t\t\t<\/div>\n\t\t\t\t\t<\/div>\n\t\t\t\t<\/div>\n\t\t\t\t\t\t\t<div class=\"swiper-slide\">\n\t\t\t\t\t<div class=\"swiper-slide-inner\">\n\t\t\t\t\t\t<div class=\"elementskit-single-testimonial-slider elementskit-testimonial-slider-block-style elementskit-testimonial-slider-block-style-two   elementor-repeater-item-ff77134\" >\n\t\t\t\t\t\t\t<div class=\"elementskit-commentor-header\">\n\t\t\t\t\t\t\t\t\n\t\t\t\t\t\t\t\t\t\t\t\t\t\t\t\t<div class=\"elementskit-icon-content elementskit-watermark-icon\">\n\t\t\t\t\t\t\t\t\t<i aria-hidden=\"true\" class=\"icon icon-quote\"><\/i>\t\t\t\t\t\t\t\t<\/div>\n\t\t\t\t\t\t\t\t\t\t\t\t\t\t\t<\/div>\n\t\t\t\t\t\t\t\n\t\t\t\t\t\t\t\t\t\t\t\t\t\t\t<div class=\"elementskit-commentor-content\"><p>\"Nous avons \u00e9t\u00e9 captiv\u00e9s par ses \u00e9crits sur l'\u00e9quipe nationale de Madagascar, qui ont r\u00e9v\u00e9l\u00e9 une \u00e2me admirable. Une amiti\u00e9 est n\u00e9e, et nous avons \u00e9t\u00e9 \u00e9blouis par la d\u00e9couverte que notre \"fr\u00e8re\" \u00e9tait un artiste extraordinaire, dont les tableaux s'impr\u00e8gnent de la puret\u00e9 de son c\u0153ur d'enfant. Sa sensibilit\u00e9 transpara\u00eet dans chaque coup de pinceau, peignant avec minutie et \u00e9motion le quotidien de Tana, cette capitale qu'on aime. Ma rencontre avec Amir.J reste l'une des d\u00e9couvertes les plus belles et profondes de toute mon existence\"\n<\/p><\/div>\n\t\t\t\t\t\t\t\n\t\t\t\t\t\t\t<div class=\"elementskit-commentor-bio\">\n\t\t\t\t\t\t\t\t<div class=\"elementkit-commentor-details\">\n\t\t\t\t\t\t\t\t\t\t\t\t\t\t\t\t\t\t<div class=\"elementskit-profile-info\">\n\t\t\t\t\t\t\t\t\t\t<strong class=\"elementskit-author-name\">Nicolas Couronne<\/strong>\n\t\t\t\t\t\t\t\t\t\t<span class=\"elementskit-author-des\">Curepipe - Mauritius<\/span>\n\t\t\t\t\t\t\t\t\t<\/div>\n\t\t\t\t\t\t\t\t<\/div>\n\t\t\t\t\t\t\t<\/div>\n\t\t\t\t\t\t<\/div>\n\t\t\t\t\t<\/div>\n\t\t\t\t<\/div>\n\t\t\t\t\t\t\t<div class=\"swiper-slide\">\n\t\t\t\t\t<div class=\"swiper-slide-inner\">\n\t\t\t\t\t\t<div class=\"elementskit-single-testimonial-slider elementskit-testimonial-slider-block-style elementskit-testimonial-slider-block-style-two   elementor-repeater-item-d6607ed\" >\n\t\t\t\t\t\t\t<div class=\"elementskit-commentor-header\">\n\t\t\t\t\t\t\t\t\n\t\t\t\t\t\t\t\t\t\t\t\t\t\t\t\t<div class=\"elementskit-icon-content elementskit-watermark-icon\">\n\t\t\t\t\t\t\t\t\t<i aria-hidden=\"true\" class=\"icon icon-quote\"><\/i>\t\t\t\t\t\t\t\t<\/div>\n\t\t\t\t\t\t\t\t\t\t\t\t\t\t\t<\/div>\n\t\t\t\t\t\t\t\n\t\t\t\t\t\t\t\t\t\t\t\t\t\t\t<div class=\"elementskit-commentor-content\"><p>\"Une belle d\u00e9couverte que ces tr\u00e8s jolies aquarelles d\u2019Amir.J : un travail de qualit\u00e9 , avec du tr\u00e8s bon mat\u00e9riel qui garantit la p\u00e9rennit\u00e9 de son travail et la beaut\u00e9 des couleurs. J\u2019aime beaucoup ses sc\u00e8nes urbaines, tr\u00e8s vivantes qui \u00e9voquent, en le sublimant, le quotidien \u00e0 Tana et d\u00e9gagent \u00e0 la fois beaucoup d\u2019\u00e9motion et d\u2019humour dans l\u2019observation des d\u00e9tails. Je t\u2019encourage vivement Amir \u00e0 d\u00e9velopper ta recherche d\u2019artiste pour approfondir ton talent et nous proposer encore d\u2019autres explorations picturales\".<\/p><\/div>\n\t\t\t\t\t\t\t\n\t\t\t\t\t\t\t<div class=\"elementskit-commentor-bio\">\n\t\t\t\t\t\t\t\t<div class=\"elementkit-commentor-details\">\n\t\t\t\t\t\t\t\t\t\t\t\t\t\t\t\t\t\t<div class=\"elementskit-profile-info\">\n\t\t\t\t\t\t\t\t\t\t<strong class=\"elementskit-author-name\">Armelle Gard\u00e8s<\/strong>\n\t\t\t\t\t\t\t\t\t\t<span class=\"elementskit-author-des\">Antananarivo - Madagascar<\/span>\n\t\t\t\t\t\t\t\t\t<\/div>\n\t\t\t\t\t\t\t\t<\/div>\n\t\t\t\t\t\t\t<\/div>\n\t\t\t\t\t\t<\/div>\n\t\t\t\t\t<\/div>\n\t\t\t\t<\/div>\n\t\t\t\t\t\t\t<div class=\"swiper-slide\">\n\t\t\t\t\t<div class=\"swiper-slide-inner\">\n\t\t\t\t\t\t<div class=\"elementskit-single-testimonial-slider elementskit-testimonial-slider-block-style elementskit-testimonial-slider-block-style-two   elementor-repeater-item-13af9ac\" >\n\t\t\t\t\t\t\t<div class=\"elementskit-commentor-header\">\n\t\t\t\t\t\t\t\t\n\t\t\t\t\t\t\t\t\t\t\t\t\t\t\t\t<div class=\"elementskit-icon-content elementskit-watermark-icon\">\n\t\t\t\t\t\t\t\t\t<i aria-hidden=\"true\" class=\"icon icon-quote\"><\/i>\t\t\t\t\t\t\t\t<\/div>\n\t\t\t\t\t\t\t\t\t\t\t\t\t\t\t<\/div>\n\t\t\t\t\t\t\t\n\t\t\t\t\t\t\t\t\t\t\t\t\t\t\t<div class=\"elementskit-commentor-content\"><p>Tout juste install\u00e9s \u00e0 Madagascar, nous \u00e9tions \u00e0 la recherche d'artistes malgaches. Lorsque nous avons d\u00e9couvert les aquarelles d'Amir.J, cela a \u00e9t\u00e9 un v\u00e9ritable coup de foudre. Ses peintures sont si vivantes, son regard si juste sur les situations ordinaires du quotidien qu'il repr\u00e9sente. Un ordinaires du quotidien qu'il repr\u00e9sente . Un ordinaire qu'il sublime tout en lui restant fid\u00e8le. Des couleurs, un trait, des postures, une simplicit\u00e9 qui nous permettent de saisir un peu de ce monde si dense.\"<\/p><\/div>\n\t\t\t\t\t\t\t\n\t\t\t\t\t\t\t<div class=\"elementskit-commentor-bio\">\n\t\t\t\t\t\t\t\t<div class=\"elementkit-commentor-details\">\n\t\t\t\t\t\t\t\t\t\t\t\t\t\t\t\t\t\t<div class=\"elementskit-profile-info\">\n\t\t\t\t\t\t\t\t\t\t<strong class=\"elementskit-author-name\">Fr\u00e9d\u00e9rique Jankowski<\/strong>\n\t\t\t\t\t\t\t\t\t\t<span class=\"elementskit-author-des\">Antananarivo - Madagascar<\/span>\n\t\t\t\t\t\t\t\t\t<\/div>\n\t\t\t\t\t\t\t\t<\/div>\n\t\t\t\t\t\t\t<\/div>\n\t\t\t\t\t\t<\/div>\n\t\t\t\t\t<\/div>\n\t\t\t\t<\/div>\n\t\t\t\t\t<\/div>\n\n\t\t\n\t\t\t<\/div>\n<\/div><\/div>\t\t<\/div>\n\t\t\t\t<\/div>\n\t\t\t\t\t<\/div>\n\t\t\t\t<\/div>\n\t\t\t\t<\/div>","protected":false},"excerpt":{"rendered":"<p>&#8220;Having a few of Amir&#8217;s artworks is a source of immense joy. His watercolor paintings are nothing short of mesmerizing, offering a vivid journey to various scenes around the world. Each piece is brought to life with an unparalleled vibrancy that seems to leap out from the white background. It&#8217;s as if he has harnessed [&hellip;]<\/p>","protected":false},"author":1,"featured_media":0,"parent":0,"menu_order":0,"comment_status":"closed","ping_status":"closed","template":"elementor_header_footer","meta":{"footnotes":""},"class_list":["post-3272","page","type-page","status-publish","hentry"],"yoast_head":"<!-- This site is optimized with the Yoast SEO plugin v26.8 - https:\/\/yoast.com\/product\/yoast-seo-wordpress\/ -->\n<title>Testimonials - AmirJ Art<\/title>\n<meta name=\"robots\" content=\"index, follow, max-snippet:-1, max-image-preview:large, max-video-preview:-1\" \/>\n<link rel=\"canonical\" href=\"https:\/\/www.amirjuvara-art.com\/fr\/testimonials\/\" \/>\n<meta property=\"og:locale\" content=\"fr_FR\" \/>\n<meta property=\"og:type\" content=\"article\" \/>\n<meta property=\"og:title\" content=\"Testimonials - AmirJ Art\" \/>\n<meta property=\"og:description\" content=\"&#8220;Having a few of Amir&#8217;s artworks is a source of immense joy. His watercolor paintings are nothing short of mesmerizing, offering a vivid journey to various scenes around the world. Each piece is brought to life with an unparalleled vibrancy that seems to leap out from the white background. It&#8217;s as if he has harnessed [&hellip;]\" \/>\n<meta property=\"og:url\" content=\"https:\/\/www.amirjuvara-art.com\/fr\/testimonials\/\" \/>\n<meta property=\"og:site_name\" content=\"AmirJ Art\" \/>\n<meta property=\"article:modified_time\" content=\"2024-02-05T08:16:43+00:00\" \/>\n<meta name=\"twitter:card\" content=\"summary_large_image\" \/>\n<meta name=\"twitter:label1\" content=\"Dur\u00e9e de lecture estim\u00e9e\" \/>\n\t<meta name=\"twitter:data1\" content=\"4 minutes\" \/>\n<script type=\"application\/ld+json\" class=\"yoast-schema-graph\">{\"@context\":\"https:\/\/schema.org\",\"@graph\":[{\"@type\":\"WebPage\",\"@id\":\"https:\/\/www.amirjuvara-art.com\/testimonials\/\",\"url\":\"https:\/\/www.amirjuvara-art.com\/testimonials\/\",\"name\":\"Testimonials - AmirJ Art\",\"isPartOf\":{\"@id\":\"https:\/\/www.amirjuvara-art.com\/#website\"},\"datePublished\":\"2024-01-09T13:04:12+00:00\",\"dateModified\":\"2024-02-05T08:16:43+00:00\",\"breadcrumb\":{\"@id\":\"https:\/\/www.amirjuvara-art.com\/testimonials\/#breadcrumb\"},\"inLanguage\":\"fr-FR\",\"potentialAction\":[{\"@type\":\"ReadAction\",\"target\":[\"https:\/\/www.amirjuvara-art.com\/testimonials\/\"]}]},{\"@type\":\"BreadcrumbList\",\"@id\":\"https:\/\/www.amirjuvara-art.com\/testimonials\/#breadcrumb\",\"itemListElement\":[{\"@type\":\"ListItem\",\"position\":1,\"name\":\"Home\",\"item\":\"https:\/\/www.amirjuvara-art.com\/\"},{\"@type\":\"ListItem\",\"position\":2,\"name\":\"Testimonials\"}]},{\"@type\":\"WebSite\",\"@id\":\"https:\/\/www.amirjuvara-art.com\/#website\",\"url\":\"https:\/\/www.amirjuvara-art.com\/\",\"name\":\"AmirJ Art\",\"description\":\"I&#039;m a fine artist\",\"publisher\":{\"@id\":\"https:\/\/www.amirjuvara-art.com\/#\/schema\/person\/1e6b23226e1b9ba9a34baa8922812657\"},\"potentialAction\":[{\"@type\":\"SearchAction\",\"target\":{\"@type\":\"EntryPoint\",\"urlTemplate\":\"https:\/\/www.amirjuvara-art.com\/?s={search_term_string}\"},\"query-input\":{\"@type\":\"PropertyValueSpecification\",\"valueRequired\":true,\"valueName\":\"search_term_string\"}}],\"inLanguage\":\"fr-FR\"},{\"@type\":[\"Person\",\"Organization\"],\"@id\":\"https:\/\/www.amirjuvara-art.com\/#\/schema\/person\/1e6b23226e1b9ba9a34baa8922812657\",\"name\":\"amirjuvara\",\"image\":{\"@type\":\"ImageObject\",\"inLanguage\":\"fr-FR\",\"@id\":\"https:\/\/www.amirjuvara-art.com\/#\/schema\/person\/image\/\",\"url\":\"https:\/\/www.amirjuvara-art.com\/wp-content\/uploads\/2023\/10\/logo0.png\",\"contentUrl\":\"https:\/\/www.amirjuvara-art.com\/wp-content\/uploads\/2023\/10\/logo0.png\",\"width\":2144,\"height\":2202,\"caption\":\"amirjuvara\"},\"logo\":{\"@id\":\"https:\/\/www.amirjuvara-art.com\/#\/schema\/person\/image\/\"}}]}<\/script>\n<!-- \/ Yoast SEO plugin. -->","yoast_head_json":{"title":"Testimonials - AmirJ Art","robots":{"index":"index","follow":"follow","max-snippet":"max-snippet:-1","max-image-preview":"max-image-preview:large","max-video-preview":"max-video-preview:-1"},"canonical":"https:\/\/www.amirjuvara-art.com\/fr\/testimonials\/","og_locale":"fr_FR","og_type":"article","og_title":"Testimonials - AmirJ Art","og_description":"&#8220;Having a few of Amir&#8217;s artworks is a source of immense joy. His watercolor paintings are nothing short of mesmerizing, offering a vivid journey to various scenes around the world. Each piece is brought to life with an unparalleled vibrancy that seems to leap out from the white background. It&#8217;s as if he has harnessed [&hellip;]","og_url":"https:\/\/www.amirjuvara-art.com\/fr\/testimonials\/","og_site_name":"AmirJ Art","article_modified_time":"2024-02-05T08:16:43+00:00","twitter_card":"summary_large_image","twitter_misc":{"Dur\u00e9e de lecture estim\u00e9e":"4 minutes"},"schema":{"@context":"https:\/\/schema.org","@graph":[{"@type":"WebPage","@id":"https:\/\/www.amirjuvara-art.com\/testimonials\/","url":"https:\/\/www.amirjuvara-art.com\/testimonials\/","name":"Testimonials - AmirJ Art","isPartOf":{"@id":"https:\/\/www.amirjuvara-art.com\/#website"},"datePublished":"2024-01-09T13:04:12+00:00","dateModified":"2024-02-05T08:16:43+00:00","breadcrumb":{"@id":"https:\/\/www.amirjuvara-art.com\/testimonials\/#breadcrumb"},"inLanguage":"fr-FR","potentialAction":[{"@type":"ReadAction","target":["https:\/\/www.amirjuvara-art.com\/testimonials\/"]}]},{"@type":"BreadcrumbList","@id":"https:\/\/www.amirjuvara-art.com\/testimonials\/#breadcrumb","itemListElement":[{"@type":"ListItem","position":1,"name":"Home","item":"https:\/\/www.amirjuvara-art.com\/"},{"@type":"ListItem","position":2,"name":"Testimonials"}]},{"@type":"WebSite","@id":"https:\/\/www.amirjuvara-art.com\/#website","url":"https:\/\/www.amirjuvara-art.com\/","name":"AmirJ Art","description":"I&#039;m a fine artist","publisher":{"@id":"https:\/\/www.amirjuvara-art.com\/#\/schema\/person\/1e6b23226e1b9ba9a34baa8922812657"},"potentialAction":[{"@type":"SearchAction","target":{"@type":"EntryPoint","urlTemplate":"https:\/\/www.amirjuvara-art.com\/?s={search_term_string}"},"query-input":{"@type":"PropertyValueSpecification","valueRequired":true,"valueName":"search_term_string"}}],"inLanguage":"fr-FR"},{"@type":["Person","Organization"],"@id":"https:\/\/www.amirjuvara-art.com\/#\/schema\/person\/1e6b23226e1b9ba9a34baa8922812657","name":"amirjuvara","image":{"@type":"ImageObject","inLanguage":"fr-FR","@id":"https:\/\/www.amirjuvara-art.com\/#\/schema\/person\/image\/","url":"https:\/\/www.amirjuvara-art.com\/wp-content\/uploads\/2023\/10\/logo0.png","contentUrl":"https:\/\/www.amirjuvara-art.com\/wp-content\/uploads\/2023\/10\/logo0.png","width":2144,"height":2202,"caption":"amirjuvara"},"logo":{"@id":"https:\/\/www.amirjuvara-art.com\/#\/schema\/person\/image\/"}}]}},"_links":{"self":[{"href":"https:\/\/www.amirjuvara-art.com\/fr\/wp-json\/wp\/v2\/pages\/3272","targetHints":{"allow":["GET"]}}],"collection":[{"href":"https:\/\/www.amirjuvara-art.com\/fr\/wp-json\/wp\/v2\/pages"}],"about":[{"href":"https:\/\/www.amirjuvara-art.com\/fr\/wp-json\/wp\/v2\/types\/page"}],"author":[{"embeddable":true,"href":"https:\/\/www.amirjuvara-art.com\/fr\/wp-json\/wp\/v2\/users\/1"}],"replies":[{"embeddable":true,"href":"https:\/\/www.amirjuvara-art.com\/fr\/wp-json\/wp\/v2\/comments?post=3272"}],"version-history":[{"count":37,"href":"https:\/\/www.amirjuvara-art.com\/fr\/wp-json\/wp\/v2\/pages\/3272\/revisions"}],"predecessor-version":[{"id":3515,"href":"https:\/\/www.amirjuvara-art.com\/fr\/wp-json\/wp\/v2\/pages\/3272\/revisions\/3515"}],"wp:attachment":[{"href":"https:\/\/www.amirjuvara-art.com\/fr\/wp-json\/wp\/v2\/media?parent=3272"}],"curies":[{"name":"wp","href":"https:\/\/api.w.org\/{rel}","templated":true}]}}